{"id":15,"date":"2017-06-03T16:11:48","date_gmt":"2017-06-03T14:11:48","guid":{"rendered":"http:\/\/institut-christus-koenig.de\/diozese-basel\/?page_id=15"},"modified":"2025-10-07T15:20:28","modified_gmt":"2025-10-07T13:20:28","slug":"basel-startseite","status":"publish","type":"page","link":"https:\/\/institut-christus-koenig.de\/diozese-basel\/","title":{"rendered":"Di\u00f6zese Basel"},"content":{"rendered":"<div id=\"metaslider-id-28\" style=\"width: 100%;\" class=\"ml-slider-3-107-0 metaslider metaslider-nivo metaslider-28 ml-slider ms-theme-default\" role=\"region\" aria-label=\"Home\" data-height=\"400\" data-width=\"900\">\n    <div id=\"metaslider_container_28\">\n        <div class='slider-wrapper theme-default'><div class='ribbon'><\/div><div id='metaslider_28' class='nivoSlider'><img loading=\"lazy\" decoding=\"async\" src=\"https:\/\/institut-christus-koenig.de\/diozese-basel\/wp-content\/uploads\/sites\/5\/2017\/08\/DSC09966-900x400.jpg\" height=\"400\" width=\"900\" alt=\"\" class=\"slider-28 slide-72 msDefaultImage\" \/><\/div><\/div>\n        \n    <\/div>\n<\/div>\n\n\n\n<h1 class=\"wp-block-heading\"><strong>Neues aus dem Weinberg<\/strong><\/h1>\n\n\n<ul class=\"wp-block-latest-posts__list wp-block-latest-posts\"><li><div class=\"wp-block-latest-posts__featured-image alignleft\"><a href=\"https:\/\/institut-christus-koenig.de\/diozese-basel\/besuch-von-seine-exzellenz-dr-felix-gmuer-bischof-von-basel\/\" aria-label=\"Besuch von Seine Exzellenz Dr. Felix Gm\u00fcr, Bischof von Basel\"><img loading=\"lazy\" decoding=\"async\" width=\"150\" height=\"150\" src=\"https:\/\/institut-christus-koenig.de\/diozese-basel\/wp-content\/uploads\/sites\/5\/2017\/08\/DSC09966-150x150.jpg\" class=\"attachment-thumbnail size-thumbnail wp-post-image\" alt=\"\" style=\"\" srcset=\"https:\/\/institut-christus-koenig.de\/diozese-basel\/wp-content\/uploads\/sites\/5\/2017\/08\/DSC09966-150x150.jpg 150w, https:\/\/institut-christus-koenig.de\/diozese-basel\/wp-content\/uploads\/sites\/5\/2017\/08\/DSC09966-45x45.jpg 45w\" sizes=\"auto, (max-width: 150px) 100vw, 150px\" \/><\/a><\/div><a class=\"wp-block-latest-posts__post-title\" href=\"https:\/\/institut-christus-koenig.de\/diozese-basel\/besuch-von-seine-exzellenz-dr-felix-gmuer-bischof-von-basel\/\">Besuch von Seine Exzellenz Dr. Felix Gm\u00fcr, Bischof von Basel<\/a><div class=\"wp-block-latest-posts__post-excerpt\">Am Barmherzigkeitssontag, den 23. April besuchte Seine Exzellenz Dr. Felix Gm\u00fcr, Bischof von Basel, die Niederlassung der Anbetungsschwestern in seinem Bistum in Le Noirmont. Zahlreiche Gl\u00e4ubige waren gekommen, um gemeinsam mit dem Generalprior des Instituts Christus K\u00f6nig, Msgr. Gilles Wach, dem Generalvikar des Instituts, Msgr. Rudolph Michael Schmitz und mehreren &#8230; <a title=\"Besuch von Seine Exzellenz Dr. Felix Gm\u00fcr, Bischof von Basel\" class=\"read-more\" href=\"https:\/\/institut-christus-koenig.de\/diozese-basel\/besuch-von-seine-exzellenz-dr-felix-gmuer-bischof-von-basel\/\" aria-label=\"Mehr Informationen \u00fcber Besuch von Seine Exzellenz Dr. Felix Gm\u00fcr, Bischof von Basel\">Weiterlesen<\/a><\/div><\/li>\n<\/ul>\n\n\n<p>Weitere Nachrichten <a href=\"https:\/\/institut-christus-koenig.de\/diozese-basel\/neues\/nachrichtenbilder\/\">finden Sie hier<\/a><\/p>\n","protected":false},"excerpt":{"rendered":"<p>Neues aus dem Weinberg Weitere Nachrichten finden Sie hier<\/p>\n","protected":false},"author":1,"featured_media":0,"parent":0,"menu_order":0,"comment_status":"closed","ping_status":"closed","template":"","meta":{"footnotes":"","_links_to":"","_links_to_target":""},"class_list":["post-15","page","type-page","status-publish"],"yoast_head":"<!-- This site is optimized with the Yoast SEO plugin v27.4 - https:\/\/yoast.com\/product\/yoast-seo-wordpress\/ -->\n<title>Di\u00f6zese Basel - Das Institut in der Di\u00f6zese Basel<\/title>\n<meta name=\"robots\" content=\"index, follow, max-snippet:-1, max-image-preview:large, max-video-preview:-1\" \/>\n<link rel=\"canonical\" href=\"https:\/\/institut-christus-koenig.de\/diozese-basel\/\" \/>\n<meta property=\"og:locale\" content=\"de_DE\" \/>\n<meta property=\"og:type\" content=\"article\" \/>\n<meta property=\"og:title\" content=\"Di\u00f6zese Basel - Das Institut in der Di\u00f6zese Basel\" \/>\n<meta property=\"og:description\" content=\"Neues aus dem Weinberg Weitere Nachrichten finden Sie hier\" \/>\n<meta property=\"og:url\" content=\"https:\/\/institut-christus-koenig.de\/diozese-basel\/\" \/>\n<meta property=\"og:site_name\" content=\"Das Institut in der Di\u00f6zese Basel\" \/>\n<meta property=\"article:modified_time\" content=\"2025-10-07T13:20:28+00:00\" \/>\n<meta name=\"twitter:card\" content=\"summary_large_image\" \/>\n<meta name=\"twitter:label1\" content=\"Gesch\u00e4tzte Lesezeit\" \/>\n\t<meta name=\"twitter:data1\" content=\"1\u00a0Minute\" \/>\n<script type=\"application\/ld+json\" class=\"yoast-schema-graph\">{\"@context\":\"https:\\\/\\\/schema.org\",\"@graph\":[{\"@type\":\"WebPage\",\"@id\":\"https:\\\/\\\/institut-christus-koenig.de\\\/diozese-basel\\\/\",\"url\":\"https:\\\/\\\/institut-christus-koenig.de\\\/diozese-basel\\\/\",\"name\":\"Di\u00f6zese Basel - Das Institut in der Di\u00f6zese Basel\",\"isPartOf\":{\"@id\":\"https:\\\/\\\/institut-christus-koenig.de\\\/diozese-basel\\\/#website\"},\"datePublished\":\"2017-06-03T14:11:48+00:00\",\"dateModified\":\"2025-10-07T13:20:28+00:00\",\"breadcrumb\":{\"@id\":\"https:\\\/\\\/institut-christus-koenig.de\\\/diozese-basel\\\/#breadcrumb\"},\"inLanguage\":\"de\",\"potentialAction\":[{\"@type\":\"ReadAction\",\"target\":[\"https:\\\/\\\/institut-christus-koenig.de\\\/diozese-basel\\\/\"]}]},{\"@type\":\"BreadcrumbList\",\"@id\":\"https:\\\/\\\/institut-christus-koenig.de\\\/diozese-basel\\\/#breadcrumb\",\"itemListElement\":[{\"@type\":\"ListItem\",\"position\":1,\"name\":\"Startseite\",\"item\":\"https:\\\/\\\/institut-christus-koenig.de\\\/diozese-basel\\\/\"},{\"@type\":\"ListItem\",\"position\":2,\"name\":\"Di\u00f6zese Basel\"}]},{\"@type\":\"WebSite\",\"@id\":\"https:\\\/\\\/institut-christus-koenig.de\\\/diozese-basel\\\/#website\",\"url\":\"https:\\\/\\\/institut-christus-koenig.de\\\/diozese-basel\\\/\",\"name\":\"Das Institut in der Di\u00f6zese Basel\",\"description\":\"Eine weitere Institut Christus K\u00f6nig Websites Website\",\"publisher\":{\"@id\":\"https:\\\/\\\/institut-christus-koenig.de\\\/diozese-basel\\\/#organization\"},\"potentialAction\":[{\"@type\":\"SearchAction\",\"target\":{\"@type\":\"EntryPoint\",\"urlTemplate\":\"https:\\\/\\\/institut-christus-koenig.de\\\/diozese-basel\\\/?s={search_term_string}\"},\"query-input\":{\"@type\":\"PropertyValueSpecification\",\"valueRequired\":true,\"valueName\":\"search_term_string\"}}],\"inLanguage\":\"de\"},{\"@type\":\"Organization\",\"@id\":\"https:\\\/\\\/institut-christus-koenig.de\\\/diozese-basel\\\/#organization\",\"name\":\"Das Institut in der Di\u00f6zese Basel\",\"url\":\"https:\\\/\\\/institut-christus-koenig.de\\\/diozese-basel\\\/\",\"logo\":{\"@type\":\"ImageObject\",\"inLanguage\":\"de\",\"@id\":\"https:\\\/\\\/institut-christus-koenig.de\\\/diozese-basel\\\/#\\\/schema\\\/logo\\\/image\\\/\",\"url\":\"https:\\\/\\\/institut-christus-koenig.de\\\/diozese-basel\\\/wp-content\\\/uploads\\\/sites\\\/5\\\/2020\\\/04\\\/CoatofArms2018VertexImagec.png\",\"contentUrl\":\"https:\\\/\\\/institut-christus-koenig.de\\\/diozese-basel\\\/wp-content\\\/uploads\\\/sites\\\/5\\\/2020\\\/04\\\/CoatofArms2018VertexImagec.png\",\"width\":148,\"height\":180,\"caption\":\"Das Institut in der Di\u00f6zese Basel\"},\"image\":{\"@id\":\"https:\\\/\\\/institut-christus-koenig.de\\\/diozese-basel\\\/#\\\/schema\\\/logo\\\/image\\\/\"}}]}<\/script>\n<!-- \/ Yoast SEO plugin. -->","yoast_head_json":{"title":"Di\u00f6zese Basel - Das Institut in der Di\u00f6zese Basel","robots":{"index":"index","follow":"follow","max-snippet":"max-snippet:-1","max-image-preview":"max-image-preview:large","max-video-preview":"max-video-preview:-1"},"canonical":"https:\/\/institut-christus-koenig.de\/diozese-basel\/","og_locale":"de_DE","og_type":"article","og_title":"Di\u00f6zese Basel - Das Institut in der Di\u00f6zese Basel","og_description":"Neues aus dem Weinberg Weitere Nachrichten finden Sie hier","og_url":"https:\/\/institut-christus-koenig.de\/diozese-basel\/","og_site_name":"Das Institut in der Di\u00f6zese Basel","article_modified_time":"2025-10-07T13:20:28+00:00","twitter_card":"summary_large_image","twitter_misc":{"Gesch\u00e4tzte Lesezeit":"1\u00a0Minute"},"schema":{"@context":"https:\/\/schema.org","@graph":[{"@type":"WebPage","@id":"https:\/\/institut-christus-koenig.de\/diozese-basel\/","url":"https:\/\/institut-christus-koenig.de\/diozese-basel\/","name":"Di\u00f6zese Basel - Das Institut in der Di\u00f6zese Basel","isPartOf":{"@id":"https:\/\/institut-christus-koenig.de\/diozese-basel\/#website"},"datePublished":"2017-06-03T14:11:48+00:00","dateModified":"2025-10-07T13:20:28+00:00","breadcrumb":{"@id":"https:\/\/institut-christus-koenig.de\/diozese-basel\/#breadcrumb"},"inLanguage":"de","potentialAction":[{"@type":"ReadAction","target":["https:\/\/institut-christus-koenig.de\/diozese-basel\/"]}]},{"@type":"BreadcrumbList","@id":"https:\/\/institut-christus-koenig.de\/diozese-basel\/#breadcrumb","itemListElement":[{"@type":"ListItem","position":1,"name":"Startseite","item":"https:\/\/institut-christus-koenig.de\/diozese-basel\/"},{"@type":"ListItem","position":2,"name":"Di\u00f6zese Basel"}]},{"@type":"WebSite","@id":"https:\/\/institut-christus-koenig.de\/diozese-basel\/#website","url":"https:\/\/institut-christus-koenig.de\/diozese-basel\/","name":"Das Institut in der Di\u00f6zese Basel","description":"Eine weitere Institut Christus K\u00f6nig Websites Website","publisher":{"@id":"https:\/\/institut-christus-koenig.de\/diozese-basel\/#organization"},"potentialAction":[{"@type":"SearchAction","target":{"@type":"EntryPoint","urlTemplate":"https:\/\/institut-christus-koenig.de\/diozese-basel\/?s={search_term_string}"},"query-input":{"@type":"PropertyValueSpecification","valueRequired":true,"valueName":"search_term_string"}}],"inLanguage":"de"},{"@type":"Organization","@id":"https:\/\/institut-christus-koenig.de\/diozese-basel\/#organization","name":"Das Institut in der Di\u00f6zese Basel","url":"https:\/\/institut-christus-koenig.de\/diozese-basel\/","logo":{"@type":"ImageObject","inLanguage":"de","@id":"https:\/\/institut-christus-koenig.de\/diozese-basel\/#\/schema\/logo\/image\/","url":"https:\/\/institut-christus-koenig.de\/diozese-basel\/wp-content\/uploads\/sites\/5\/2020\/04\/CoatofArms2018VertexImagec.png","contentUrl":"https:\/\/institut-christus-koenig.de\/diozese-basel\/wp-content\/uploads\/sites\/5\/2020\/04\/CoatofArms2018VertexImagec.png","width":148,"height":180,"caption":"Das Institut in der Di\u00f6zese Basel"},"image":{"@id":"https:\/\/institut-christus-koenig.de\/diozese-basel\/#\/schema\/logo\/image\/"}}]}},"_links":{"self":[{"href":"https:\/\/institut-christus-koenig.de\/diozese-basel\/wp-json\/wp\/v2\/pages\/15","targetHints":{"allow":["GET"]}}],"collection":[{"href":"https:\/\/institut-christus-koenig.de\/diozese-basel\/wp-json\/wp\/v2\/pages"}],"about":[{"href":"https:\/\/institut-christus-koenig.de\/diozese-basel\/wp-json\/wp\/v2\/types\/page"}],"author":[{"embeddable":true,"href":"https:\/\/institut-christus-koenig.de\/diozese-basel\/wp-json\/wp\/v2\/users\/1"}],"replies":[{"embeddable":true,"href":"https:\/\/institut-christus-koenig.de\/diozese-basel\/wp-json\/wp\/v2\/comments?post=15"}],"version-history":[{"count":24,"href":"https:\/\/institut-christus-koenig.de\/diozese-basel\/wp-json\/wp\/v2\/pages\/15\/revisions"}],"predecessor-version":[{"id":192,"href":"https:\/\/institut-christus-koenig.de\/diozese-basel\/wp-json\/wp\/v2\/pages\/15\/revisions\/192"}],"wp:attachment":[{"href":"https:\/\/institut-christus-koenig.de\/diozese-basel\/wp-json\/wp\/v2\/media?parent=15"}],"curies":[{"name":"wp","href":"https:\/\/api.w.org\/{rel}","templated":true}]}}