{"id":85,"date":"2017-09-27T15:30:59","date_gmt":"2017-09-27T13:30:59","guid":{"rendered":"http:\/\/institut-christus-koenig.de\/diozese-basel\/?page_id=85"},"modified":"2017-09-27T15:50:45","modified_gmt":"2017-09-27T13:50:45","slug":"ueber-das-institut-in-der-dioezese","status":"publish","type":"page","link":"https:\/\/institut-christus-koenig.de\/diozese-basel\/ueber-das-institut-in-der-dioezese\/","title":{"rendered":"\u00dcber das Institut in der Di\u00f6zese Basel"},"content":{"rendered":"<p>Seit dem Jahr 1999 ist das Institut Christus K\u00f6nig in der Schweiz t\u00e4tig.<\/p>\n<p>Auf Einladung des damaligen Di\u00f6zesanbischofs und nunmehrigen Kardinals, Seiner Eminenz Dr. Kurt Koch, begann das Institut Christus K\u00f6nig mit der Feier der Hl. Messe in der au\u00dferordentlichen Form des R\u00f6mischen Ritus und mit seelsorglicher T\u00e4tigkeit in Basel im Herbst 1999. &nbsp;<\/p>\n<p>Kanonikus Michael Wiener, ein geb\u00fcrtiger Hamburger, der im Zivilberuf Anwalt gewesen war, wurde nach seiner Priesterweihe von Msgr. Dr. Gilles Wach, dem Generalprior des Instituts Christus K\u00f6nig, nach Basel gesandt. In den n\u00e4chsten f\u00fcnf Jahren baute er dort mit Hilfe zahlreicher Gl\u00e4ubiger das Apostolat des Instituts auf mit Hoch\u00e4mtern an allen Sonn-und Feiertagen, Wallfahrten, Beichtapostolat, Katechismusunterricht, Taufen und Erstkommunionen, Firmungen, Hochzeiten, Vortr\u00e4gen und Krankenbesuchen. Regelm\u00e4\u00dfige Wallfahrten fanden zum Benediktinerkloster Maria Stein statt, wo Kanonikus Wiener in der Siebenschmerzenkapelle ein Hochamt zelebrierte und f\u00fcr die verstorbenen Freunde und Wohlt\u00e4ter betete.<\/p>\n<p>Als Kanonikus Wiener aufgrund der Ausbreitung des Instituts Christus K\u00f6nig in den Vereinigten Statten im Jahr 2004 eine neue Aufgabe in Oakland, Kalifornien erhielt, folgte ihm in der Person von Kanonikus G\u00e9rard Trauchessec ein sehr erfahrener Seelsorger in Basel nach. Kanonikus Trauchessec veranstaltete zahlreiche Wallfahrten im In-und Ausland und war auch sehr in der Lebensrechtsbewegung engagiert. Nach der Feier seines Goldenen Priesterjubil\u00e4ums erhielt er im Herbst 2016 eine neue Aufgabe \u00fcbertragen, und zwar in Burgund und wurde von Kanonikus Denis Buchholz, einem geb\u00fcrtigen Saarl\u00e4nder, ersetzt.<\/p>\n<p><strong>Kanonikus Buchholz feiert an Sonn-und Feiertagen ein Hochamt an der St. Josephskirche in Basel um 17.00 Uhr mit Beichtgelegenheit und sakramentaler Andacht vor der Hl. Messe<\/strong>. Der Kirchenmusik mit Orgel und Gregorianischem Choral wird eine gro\u00dfe Bedeutung zugemessen. Das Proprium wird von einer erfahrenen Choralschola gesungen.<\/p>\n<p><strong>An den ersten Freitagen und Samstagen im Monat gibt es Messe mit Beichtgelegenheit, um die Andacht zum Allerheiligsten Herzen Jesu und dem Unbefleckten Herzen Mariens zu f\u00f6rdern. <\/strong>Kanonikus Buchholz ist neben seiner seelsorglichen T\u00e4tigkeit in Basel auch an der Niederlassung der Anbetungsschwestern des Instituts Christus K\u00f6nig in Les C\u00f4tes, Le Noirmont eingesetzt.<\/p>\n<p><strong>Das <em>Haus des Eucharistischen Herzens <\/em>der Schwestern in Le Noirmont liegt im Jura, einem franz\u00f6sischsprachigen Teil der&nbsp;Di\u00f6zese Basel.<\/strong> Dort bieten die Anbetungsschwestern Exerzitien, Jugendfreizeiten und Einkehrtage an sowie Urlaub im Kloster. Seine Exzellenz Dr. Felix Gm\u00fcr, Bischof von Basel, besuchte die Schwesternniederlassung zu Ostern 2017 und konnte sich von der Lebendigkeit und vom Wachstum dieses Apostolates ein gutes Bild machen.<\/p>\n<p>Das Apostolat des Instituts Christus K\u00f6nig in Basel und in der deutschsprachigen Schweiz wird von Kanonikus Richard von Menshengen betreut, der sich als Prior von Kloster Maria Engelport, einer weiteren Niederlassung der Anbetungsschwestern in der N\u00e4he von Koblenz, regelm\u00e4\u00dfig in der Schweiz aufh\u00e4lt und in Basel Kanonikus Denis Buchholz unterst\u00fctzt.<\/p>\n<p><strong>An den Laienexerzitien im Geist des Hl. Franz von Sales<\/strong>, die regelm\u00e4\u00dfig in Kloster Maria Engelport abgehalten werden, nehmen auch Gl\u00e4ubige aus der Schweiz teil. Die Fatima-Wallfahrt, die vom Institut Christus K\u00f6nig im November 2017 unter dem Patronat Seiner Eminenz Raymond Leo Kardinal Burke abgehalten werden wird, wird Gl\u00e4ubige aus der Schweiz, Deutschland und \u00d6sterreich umfassen.<\/p>\n<p><strong>Gerne k\u00f6nnen Sie uns Ihre Gebetsanliegen zusenden, die wir bei der Feier des heiligen Me\u00dfopfers einschlie\u00dfen! Besuchen Sie unser Apostolat an der St. Josephskirche in Basel oder besuchen Sie die Webseite von Kloster Maria Engelport mit seinem Exerzitienangebot <\/strong><a href=\"http:\/\/www.kloster-engelport.de\"><strong>www.kloster-engelport.de<\/strong><\/a><\/p>\n<p>Kanonikus Buchholz und Kanonikus von Menshengen stehen Ihnen gerne f\u00fcr seelsorgliche Fragen zur Verf\u00fcgung: <a href=\"mailto:kanonikus.buchholz@institut-christus-koenig.de\">kanonikus.buchholz@institut-christus-koenig.de<\/a> sowie<\/p>\n<p>kanonikus.von_menshengen@institut-christus-koenig.de<\/p>\n<p><strong><em>M\u00f6ge der hl. Nikolaus von der Fl\u00fce die Schweizer Familien segnen, zahlreiche heilige Berufungen erbeten und uns in den Wirren dieser verweltlichten Zeit sicher bewahren.<\/em><\/strong><\/p>\n","protected":false},"excerpt":{"rendered":"<p>Seit dem Jahr 1999 ist das Institut Christus K\u00f6nig in der Schweiz t\u00e4tig. Auf Einladung des damaligen Di\u00f6zesanbischofs und nunmehrigen Kardinals, Seiner Eminenz Dr. Kurt Koch, begann das Institut Christus K\u00f6nig mit der Feier der Hl. Messe in der au\u00dferordentlichen Form des R\u00f6mischen Ritus und mit seelsorglicher T\u00e4tigkeit in Basel im Herbst 1999. &nbsp; Kanonikus &#8230; <a title=\"\u00dcber das Institut in der Di\u00f6zese Basel\" class=\"read-more\" href=\"https:\/\/institut-christus-koenig.de\/diozese-basel\/ueber-das-institut-in-der-dioezese\/\" aria-label=\"Mehr Informationen \u00fcber \u00dcber das Institut in der Di\u00f6zese Basel\">Weiterlesen<\/a><\/p>\n","protected":false},"author":1,"featured_media":0,"parent":0,"menu_order":3,"comment_status":"closed","ping_status":"closed","template":"","meta":{"footnotes":"","_links_to":"","_links_to_target":""},"class_list":["post-85","page","type-page","status-publish"],"yoast_head":"<!-- This site is optimized with the Yoast SEO plugin v27.4 - https:\/\/yoast.com\/product\/yoast-seo-wordpress\/ -->\n<title>\u00dcber das Institut in der Di\u00f6zese Basel - Das Institut in der Di\u00f6zese Basel<\/title>\n<meta name=\"robots\" content=\"index, follow, max-snippet:-1, max-image-preview:large, max-video-preview:-1\" \/>\n<link rel=\"canonical\" href=\"https:\/\/institut-christus-koenig.de\/diozese-basel\/ueber-das-institut-in-der-dioezese\/\" \/>\n<meta property=\"og:locale\" content=\"de_DE\" \/>\n<meta property=\"og:type\" content=\"article\" \/>\n<meta property=\"og:title\" content=\"\u00dcber das Institut in der Di\u00f6zese Basel - Das Institut in der Di\u00f6zese Basel\" \/>\n<meta property=\"og:description\" content=\"Seit dem Jahr 1999 ist das Institut Christus K\u00f6nig in der Schweiz t\u00e4tig. Auf Einladung des damaligen Di\u00f6zesanbischofs und nunmehrigen Kardinals, Seiner Eminenz Dr. Kurt Koch, begann das Institut Christus K\u00f6nig mit der Feier der Hl. Messe in der au\u00dferordentlichen Form des R\u00f6mischen Ritus und mit seelsorglicher T\u00e4tigkeit in Basel im Herbst 1999. &nbsp; Kanonikus ... Weiterlesen\" \/>\n<meta property=\"og:url\" content=\"https:\/\/institut-christus-koenig.de\/diozese-basel\/ueber-das-institut-in-der-dioezese\/\" \/>\n<meta property=\"og:site_name\" content=\"Das Institut in der Di\u00f6zese Basel\" \/>\n<meta property=\"article:modified_time\" content=\"2017-09-27T13:50:45+00:00\" \/>\n<meta name=\"twitter:card\" content=\"summary_large_image\" \/>\n<meta name=\"twitter:label1\" content=\"Gesch\u00e4tzte Lesezeit\" \/>\n\t<meta name=\"twitter:data1\" content=\"3\u00a0Minuten\" \/>\n<script type=\"application\/ld+json\" class=\"yoast-schema-graph\">{\"@context\":\"https:\\\/\\\/schema.org\",\"@graph\":[{\"@type\":\"WebPage\",\"@id\":\"https:\\\/\\\/institut-christus-koenig.de\\\/diozese-basel\\\/ueber-das-institut-in-der-dioezese\\\/\",\"url\":\"https:\\\/\\\/institut-christus-koenig.de\\\/diozese-basel\\\/ueber-das-institut-in-der-dioezese\\\/\",\"name\":\"\u00dcber das Institut in der Di\u00f6zese Basel - Das Institut in der Di\u00f6zese Basel\",\"isPartOf\":{\"@id\":\"https:\\\/\\\/institut-christus-koenig.de\\\/diozese-basel\\\/#website\"},\"datePublished\":\"2017-09-27T13:30:59+00:00\",\"dateModified\":\"2017-09-27T13:50:45+00:00\",\"breadcrumb\":{\"@id\":\"https:\\\/\\\/institut-christus-koenig.de\\\/diozese-basel\\\/ueber-das-institut-in-der-dioezese\\\/#breadcrumb\"},\"inLanguage\":\"de\",\"potentialAction\":[{\"@type\":\"ReadAction\",\"target\":[\"https:\\\/\\\/institut-christus-koenig.de\\\/diozese-basel\\\/ueber-das-institut-in-der-dioezese\\\/\"]}]},{\"@type\":\"BreadcrumbList\",\"@id\":\"https:\\\/\\\/institut-christus-koenig.de\\\/diozese-basel\\\/ueber-das-institut-in-der-dioezese\\\/#breadcrumb\",\"itemListElement\":[{\"@type\":\"ListItem\",\"position\":1,\"name\":\"Startseite\",\"item\":\"https:\\\/\\\/institut-christus-koenig.de\\\/diozese-basel\\\/\"},{\"@type\":\"ListItem\",\"position\":2,\"name\":\"\u00dcber das Institut in der Di\u00f6zese Basel\"}]},{\"@type\":\"WebSite\",\"@id\":\"https:\\\/\\\/institut-christus-koenig.de\\\/diozese-basel\\\/#website\",\"url\":\"https:\\\/\\\/institut-christus-koenig.de\\\/diozese-basel\\\/\",\"name\":\"Das Institut in der Di\u00f6zese Basel\",\"description\":\"Eine weitere Institut Christus K\u00f6nig Websites Website\",\"publisher\":{\"@id\":\"https:\\\/\\\/institut-christus-koenig.de\\\/diozese-basel\\\/#organization\"},\"potentialAction\":[{\"@type\":\"SearchAction\",\"target\":{\"@type\":\"EntryPoint\",\"urlTemplate\":\"https:\\\/\\\/institut-christus-koenig.de\\\/diozese-basel\\\/?s={search_term_string}\"},\"query-input\":{\"@type\":\"PropertyValueSpecification\",\"valueRequired\":true,\"valueName\":\"search_term_string\"}}],\"inLanguage\":\"de\"},{\"@type\":\"Organization\",\"@id\":\"https:\\\/\\\/institut-christus-koenig.de\\\/diozese-basel\\\/#organization\",\"name\":\"Das Institut in der Di\u00f6zese Basel\",\"url\":\"https:\\\/\\\/institut-christus-koenig.de\\\/diozese-basel\\\/\",\"logo\":{\"@type\":\"ImageObject\",\"inLanguage\":\"de\",\"@id\":\"https:\\\/\\\/institut-christus-koenig.de\\\/diozese-basel\\\/#\\\/schema\\\/logo\\\/image\\\/\",\"url\":\"https:\\\/\\\/institut-christus-koenig.de\\\/diozese-basel\\\/wp-content\\\/uploads\\\/sites\\\/5\\\/2020\\\/04\\\/CoatofArms2018VertexImagec.png\",\"contentUrl\":\"https:\\\/\\\/institut-christus-koenig.de\\\/diozese-basel\\\/wp-content\\\/uploads\\\/sites\\\/5\\\/2020\\\/04\\\/CoatofArms2018VertexImagec.png\",\"width\":148,\"height\":180,\"caption\":\"Das Institut in der Di\u00f6zese Basel\"},\"image\":{\"@id\":\"https:\\\/\\\/institut-christus-koenig.de\\\/diozese-basel\\\/#\\\/schema\\\/logo\\\/image\\\/\"}}]}<\/script>\n<!-- \/ Yoast SEO plugin. -->","yoast_head_json":{"title":"\u00dcber das Institut in der Di\u00f6zese Basel - Das Institut in der Di\u00f6zese Basel","robots":{"index":"index","follow":"follow","max-snippet":"max-snippet:-1","max-image-preview":"max-image-preview:large","max-video-preview":"max-video-preview:-1"},"canonical":"https:\/\/institut-christus-koenig.de\/diozese-basel\/ueber-das-institut-in-der-dioezese\/","og_locale":"de_DE","og_type":"article","og_title":"\u00dcber das Institut in der Di\u00f6zese Basel - Das Institut in der Di\u00f6zese Basel","og_description":"Seit dem Jahr 1999 ist das Institut Christus K\u00f6nig in der Schweiz t\u00e4tig. Auf Einladung des damaligen Di\u00f6zesanbischofs und nunmehrigen Kardinals, Seiner Eminenz Dr. Kurt Koch, begann das Institut Christus K\u00f6nig mit der Feier der Hl. Messe in der au\u00dferordentlichen Form des R\u00f6mischen Ritus und mit seelsorglicher T\u00e4tigkeit in Basel im Herbst 1999. &nbsp; Kanonikus ... Weiterlesen","og_url":"https:\/\/institut-christus-koenig.de\/diozese-basel\/ueber-das-institut-in-der-dioezese\/","og_site_name":"Das Institut in der Di\u00f6zese Basel","article_modified_time":"2017-09-27T13:50:45+00:00","twitter_card":"summary_large_image","twitter_misc":{"Gesch\u00e4tzte Lesezeit":"3\u00a0Minuten"},"schema":{"@context":"https:\/\/schema.org","@graph":[{"@type":"WebPage","@id":"https:\/\/institut-christus-koenig.de\/diozese-basel\/ueber-das-institut-in-der-dioezese\/","url":"https:\/\/institut-christus-koenig.de\/diozese-basel\/ueber-das-institut-in-der-dioezese\/","name":"\u00dcber das Institut in der Di\u00f6zese Basel - Das Institut in der Di\u00f6zese Basel","isPartOf":{"@id":"https:\/\/institut-christus-koenig.de\/diozese-basel\/#website"},"datePublished":"2017-09-27T13:30:59+00:00","dateModified":"2017-09-27T13:50:45+00:00","breadcrumb":{"@id":"https:\/\/institut-christus-koenig.de\/diozese-basel\/ueber-das-institut-in-der-dioezese\/#breadcrumb"},"inLanguage":"de","potentialAction":[{"@type":"ReadAction","target":["https:\/\/institut-christus-koenig.de\/diozese-basel\/ueber-das-institut-in-der-dioezese\/"]}]},{"@type":"BreadcrumbList","@id":"https:\/\/institut-christus-koenig.de\/diozese-basel\/ueber-das-institut-in-der-dioezese\/#breadcrumb","itemListElement":[{"@type":"ListItem","position":1,"name":"Startseite","item":"https:\/\/institut-christus-koenig.de\/diozese-basel\/"},{"@type":"ListItem","position":2,"name":"\u00dcber das Institut in der Di\u00f6zese Basel"}]},{"@type":"WebSite","@id":"https:\/\/institut-christus-koenig.de\/diozese-basel\/#website","url":"https:\/\/institut-christus-koenig.de\/diozese-basel\/","name":"Das Institut in der Di\u00f6zese Basel","description":"Eine weitere Institut Christus K\u00f6nig Websites Website","publisher":{"@id":"https:\/\/institut-christus-koenig.de\/diozese-basel\/#organization"},"potentialAction":[{"@type":"SearchAction","target":{"@type":"EntryPoint","urlTemplate":"https:\/\/institut-christus-koenig.de\/diozese-basel\/?s={search_term_string}"},"query-input":{"@type":"PropertyValueSpecification","valueRequired":true,"valueName":"search_term_string"}}],"inLanguage":"de"},{"@type":"Organization","@id":"https:\/\/institut-christus-koenig.de\/diozese-basel\/#organization","name":"Das Institut in der Di\u00f6zese Basel","url":"https:\/\/institut-christus-koenig.de\/diozese-basel\/","logo":{"@type":"ImageObject","inLanguage":"de","@id":"https:\/\/institut-christus-koenig.de\/diozese-basel\/#\/schema\/logo\/image\/","url":"https:\/\/institut-christus-koenig.de\/diozese-basel\/wp-content\/uploads\/sites\/5\/2020\/04\/CoatofArms2018VertexImagec.png","contentUrl":"https:\/\/institut-christus-koenig.de\/diozese-basel\/wp-content\/uploads\/sites\/5\/2020\/04\/CoatofArms2018VertexImagec.png","width":148,"height":180,"caption":"Das Institut in der Di\u00f6zese Basel"},"image":{"@id":"https:\/\/institut-christus-koenig.de\/diozese-basel\/#\/schema\/logo\/image\/"}}]}},"_links":{"self":[{"href":"https:\/\/institut-christus-koenig.de\/diozese-basel\/wp-json\/wp\/v2\/pages\/85","targetHints":{"allow":["GET"]}}],"collection":[{"href":"https:\/\/institut-christus-koenig.de\/diozese-basel\/wp-json\/wp\/v2\/pages"}],"about":[{"href":"https:\/\/institut-christus-koenig.de\/diozese-basel\/wp-json\/wp\/v2\/types\/page"}],"author":[{"embeddable":true,"href":"https:\/\/institut-christus-koenig.de\/diozese-basel\/wp-json\/wp\/v2\/users\/1"}],"replies":[{"embeddable":true,"href":"https:\/\/institut-christus-koenig.de\/diozese-basel\/wp-json\/wp\/v2\/comments?post=85"}],"version-history":[{"count":9,"href":"https:\/\/institut-christus-koenig.de\/diozese-basel\/wp-json\/wp\/v2\/pages\/85\/revisions"}],"predecessor-version":[{"id":103,"href":"https:\/\/institut-christus-koenig.de\/diozese-basel\/wp-json\/wp\/v2\/pages\/85\/revisions\/103"}],"wp:attachment":[{"href":"https:\/\/institut-christus-koenig.de\/diozese-basel\/wp-json\/wp\/v2\/media?parent=85"}],"curies":[{"name":"wp","href":"https:\/\/api.w.org\/{rel}","templated":true}]}}